{"id":4393,"date":"2023-04-13T04:10:00","date_gmt":"2023-04-13T04:10:00","guid":{"rendered":"https:\/\/adonainaz.com\/donaciones\/"},"modified":"2026-01-31T15:40:57","modified_gmt":"2026-01-31T15:40:57","slug":"donations","status":"publish","type":"page","link":"https:\/\/iglesiadonai.com\/en\/donations\/","title":{"rendered":"donations"},"content":{"rendered":"\t\t<div data-elementor-type=\"wp-page\" data-elementor-id=\"4393\" class=\"elementor elementor-4393\">\n\t\t\t\t\t\t<section data-ka-cursor-size=\"1\" class=\"elementor-section elementor-top-section elementor-element elementor-element-95cd897 elementor-section-height-min-height elementor-section-boxed elementor-section-height-default elementor-section-items-middle\" data-id=\"95cd897\" data-element_type=\"section\" data-e-type=\"section\" data-settings=\"{&quot;background_background&quot;:&quot;classic&quot;,&quot;kng_cursor_interaction&quot;:&quot;default&quot;,&quot;kng_cursor_magnetic&quot;:&quot;none&quot;,&quot;kng_cursor_size_multiplier&quot;:{&quot;unit&quot;:&quot;px&quot;,&quot;size&quot;:1,&quot;sizes&quot;:[]}}\">\n\t\t\t\t\t\t\t<div class=\"elementor-background-overlay\"><\/div>\n\t\t\t\t\t\t\t<div class=\"elementor-container elementor-column-gap-no\">\n\t\t\t\t\t<div data-ka-cursor-size=\"1\" class=\"elementor-column elementor-col-100 elementor-top-column elementor-element elementor-element-72235222\" data-id=\"72235222\" data-element_type=\"column\" data-e-type=\"column\" data-settings=\"{&quot;kng_cursor_interaction&quot;:&quot;default&quot;,&quot;kng_cursor_magnetic&quot;:&quot;none&quot;,&quot;kng_cursor_size_multiplier&quot;:{&quot;unit&quot;:&quot;px&quot;,&quot;size&quot;:1,&quot;sizes&quot;:[]}}\">\n\t\t\t<div class=\"elementor-widget-wrap elementor-element-populated\">\n\t\t\t\t\t\t<div data-ka-cursor-size=\"1\" class=\"elementor-element elementor-element-1c962178 elementor-widget elementor-widget-heading\" data-id=\"1c962178\" data-element_type=\"widget\" data-e-type=\"widget\" data-settings=\"{&quot;_animation&quot;:&quot;none&quot;,&quot;_animation_delay&quot;:200,&quot;kng_cursor_interaction&quot;:&quot;default&quot;,&quot;kng_cursor_magnetic&quot;:&quot;none&quot;,&quot;kng_cursor_size_multiplier&quot;:{&quot;unit&quot;:&quot;px&quot;,&quot;size&quot;:1,&quot;sizes&quot;:[]}}\" data-widget_type=\"heading.default\">\n\t\t\t\t<div class=\"elementor-widget-container\">\n\t\t\t\t\t<h3 class=\"elementor-heading-title elementor-size-default\">Donaciones<\/h3>\t\t\t\t<\/div>\n\t\t\t\t<\/div>\n\t\t\t\t\t<\/div>\n\t\t<\/div>\n\t\t\t\t\t<\/div>\n\t\t<\/section>\n\t\t\t\t<section data-ka-cursor-size=\"1\" class=\"elementor-section elementor-top-section elementor-element elementor-element-ccb9c3b elementor-section-content-middle elementor-section-boxed elementor-section-height-default elementor-section-height-default\" data-id=\"ccb9c3b\" data-element_type=\"section\" data-e-type=\"section\" data-settings=\"{&quot;background_background&quot;:&quot;classic&quot;,&quot;kng_cursor_interaction&quot;:&quot;default&quot;,&quot;kng_cursor_magnetic&quot;:&quot;none&quot;,&quot;kng_cursor_size_multiplier&quot;:{&quot;unit&quot;:&quot;px&quot;,&quot;size&quot;:1,&quot;sizes&quot;:[]}}\">\n\t\t\t\t\t\t<div class=\"elementor-container elementor-column-gap-no\">\n\t\t\t\t\t<div data-ka-cursor-size=\"1\" class=\"elementor-column elementor-col-50 elementor-top-column elementor-element elementor-element-a123b99\" data-id=\"a123b99\" data-element_type=\"column\" data-e-type=\"column\" data-settings=\"{&quot;kng_cursor_interaction&quot;:&quot;default&quot;,&quot;kng_cursor_magnetic&quot;:&quot;none&quot;,&quot;kng_cursor_size_multiplier&quot;:{&quot;unit&quot;:&quot;px&quot;,&quot;size&quot;:1,&quot;sizes&quot;:[]}}\">\n\t\t\t<div class=\"elementor-widget-wrap elementor-element-populated\">\n\t\t\t\t\t\t<div data-ka-cursor-size=\"1\" class=\"elementor-element elementor-element-1c9a0e32 elementor-widget__width-initial elementor-widget elementor-widget-image\" data-id=\"1c9a0e32\" data-element_type=\"widget\" data-e-type=\"widget\" data-settings=\"{&quot;kng_cursor_interaction&quot;:&quot;default&quot;,&quot;kng_cursor_magnetic&quot;:&quot;none&quot;,&quot;kng_cursor_size_multiplier&quot;:{&quot;unit&quot;:&quot;px&quot;,&quot;size&quot;:1,&quot;sizes&quot;:[]}}\" data-widget_type=\"image.default\">\n\t\t\t\t<div class=\"elementor-widget-container\">\n\t\t\t\t\t\t\t\t\t\t\t\t\t\t\t<img decoding=\"async\" width=\"298\" height=\"167\" src=\"https:\/\/iglesiadonai.com\/wp-content\/uploads\/2023\/04\/descarga-1.jpg\" class=\"attachment-full size-full wp-image-6573\" alt=\"\" srcset=\"https:\/\/iglesiadonai.com\/wp-content\/uploads\/2023\/04\/descarga-1.jpg 298w, https:\/\/iglesiadonai.com\/wp-content\/uploads\/2023\/04\/descarga-1-18x10.jpg 18w\" sizes=\"(max-width: 298px) 100vw, 298px\" \/>\t\t\t\t\t\t\t\t\t\t\t\t\t\t\t<\/div>\n\t\t\t\t<\/div>\n\t\t\t\t\t<\/div>\n\t\t<\/div>\n\t\t\t\t<div data-ka-cursor-size=\"1\" class=\"elementor-column elementor-col-50 elementor-top-column elementor-element elementor-element-530dddfd\" data-id=\"530dddfd\" data-element_type=\"column\" data-e-type=\"column\" data-settings=\"{&quot;kng_cursor_interaction&quot;:&quot;default&quot;,&quot;kng_cursor_magnetic&quot;:&quot;none&quot;,&quot;kng_cursor_size_multiplier&quot;:{&quot;unit&quot;:&quot;px&quot;,&quot;size&quot;:1,&quot;sizes&quot;:[]}}\">\n\t\t\t<div class=\"elementor-widget-wrap elementor-element-populated\">\n\t\t\t\t\t\t<div data-ka-cursor-size=\"1\" class=\"elementor-element elementor-element-c86ef1d elementor-widget__width-inherit elementor-widget elementor-widget-heading\" data-id=\"c86ef1d\" data-element_type=\"widget\" data-e-type=\"widget\" data-settings=\"{&quot;kng_cursor_interaction&quot;:&quot;default&quot;,&quot;kng_cursor_magnetic&quot;:&quot;none&quot;,&quot;kng_cursor_size_multiplier&quot;:{&quot;unit&quot;:&quot;px&quot;,&quot;size&quot;:1,&quot;sizes&quot;:[]}}\" data-widget_type=\"heading.default\">\n\t\t\t\t<div class=\"elementor-widget-container\">\n\t\t\t\t\t<h3 class=\"elementor-heading-title elementor-size-default\">\u00bfQuieres apoyar nuestro ministerio?\n <\/h3>\t\t\t\t<\/div>\n\t\t\t\t<\/div>\n\t\t\t\t<div data-ka-cursor-size=\"1\" class=\"elementor-element elementor-element-6b8b2fc elementor-widget__width-inherit elementor-widget elementor-widget-heading\" data-id=\"6b8b2fc\" data-element_type=\"widget\" data-e-type=\"widget\" data-settings=\"{&quot;kng_cursor_interaction&quot;:&quot;default&quot;,&quot;kng_cursor_magnetic&quot;:&quot;none&quot;,&quot;kng_cursor_size_multiplier&quot;:{&quot;unit&quot;:&quot;px&quot;,&quot;size&quot;:1,&quot;sizes&quot;:[]}}\" data-widget_type=\"heading.default\">\n\t\t\t\t<div class=\"elementor-widget-container\">\n\t\t\t\t\t<h3 class=\"elementor-heading-title elementor-size-default\">\n\nPuedes enviar tu donaci\u00f3n a trav\u00e9s de Zelle <\/h3>\t\t\t\t<\/div>\n\t\t\t\t<\/div>\n\t\t\t\t<div data-ka-cursor-size=\"1\" class=\"elementor-element elementor-element-574531f5 elementor-widget__width-initial elementor-widget elementor-widget-text-editor\" data-id=\"574531f5\" data-element_type=\"widget\" data-e-type=\"widget\" data-settings=\"{&quot;kng_cursor_interaction&quot;:&quot;default&quot;,&quot;kng_cursor_magnetic&quot;:&quot;none&quot;,&quot;kng_cursor_size_multiplier&quot;:{&quot;unit&quot;:&quot;px&quot;,&quot;size&quot;:1,&quot;sizes&quot;:[]}}\" data-widget_type=\"text-editor.default\">\n\t\t\t\t<div class=\"elementor-widget-container\">\n\t\t\t\t\t\t\t\t\t<p><b>Correo: asamblea@iglesiadonai.com<\/b><\/p>\n<p><b>Tel\u00e9fono: +1 5039753522<\/b><\/p>\t\t\t\t\t\t\t\t<\/div>\n\t\t\t\t<\/div>\n\t\t\t\t<div data-ka-cursor-size=\"1\" class=\"elementor-element elementor-element-4075d3b elementor-widget__width-inherit elementor-widget elementor-widget-heading\" data-id=\"4075d3b\" data-element_type=\"widget\" data-e-type=\"widget\" data-settings=\"{&quot;kng_cursor_interaction&quot;:&quot;default&quot;,&quot;kng_cursor_magnetic&quot;:&quot;none&quot;,&quot;kng_cursor_size_multiplier&quot;:{&quot;unit&quot;:&quot;px&quot;,&quot;size&quot;:1,&quot;sizes&quot;:[]}}\" data-widget_type=\"heading.default\">\n\t\t\t\t<div class=\"elementor-widget-container\">\n\t\t\t\t\t<h3 class=\"elementor-heading-title elementor-size-default\">\u00a1Gracias por tu generosidad!<\/h3>\t\t\t\t<\/div>\n\t\t\t\t<\/div>\n\t\t\t\t\t<\/div>\n\t\t<\/div>\n\t\t\t\t\t<\/div>\n\t\t<\/section>\n\t\t\t\t<section data-ka-cursor-size=\"1\" class=\"elementor-section elementor-top-section elementor-element elementor-element-33022af elementor-section-boxed elementor-section-height-default elementor-section-height-default\" data-id=\"33022af\" data-element_type=\"section\" data-e-type=\"section\" data-settings=\"{&quot;background_background&quot;:&quot;classic&quot;,&quot;kng_cursor_interaction&quot;:&quot;default&quot;,&quot;kng_cursor_magnetic&quot;:&quot;none&quot;,&quot;kng_cursor_size_multiplier&quot;:{&quot;unit&quot;:&quot;px&quot;,&quot;size&quot;:1,&quot;sizes&quot;:[]}}\">\n\t\t\t\t\t\t<div class=\"elementor-container elementor-column-gap-default\">\n\t\t\t\t\t<div data-ka-cursor-size=\"1\" class=\"elementor-column elementor-col-100 elementor-top-column elementor-element elementor-element-4f434ae\" data-id=\"4f434ae\" data-element_type=\"column\" data-e-type=\"column\" data-settings=\"{&quot;kng_cursor_interaction&quot;:&quot;default&quot;,&quot;kng_cursor_magnetic&quot;:&quot;none&quot;,&quot;kng_cursor_size_multiplier&quot;:{&quot;unit&quot;:&quot;px&quot;,&quot;size&quot;:1,&quot;sizes&quot;:[]}}\">\n\t\t\t<div class=\"elementor-widget-wrap elementor-element-populated\">\n\t\t\t\t\t\t<div data-ka-cursor-size=\"1\" class=\"elementor-element elementor-element-2fb227c elementor-widget__width-inherit elementor-widget elementor-widget-heading\" data-id=\"2fb227c\" data-element_type=\"widget\" data-e-type=\"widget\" data-settings=\"{&quot;kng_cursor_interaction&quot;:&quot;default&quot;,&quot;kng_cursor_magnetic&quot;:&quot;none&quot;,&quot;kng_cursor_size_multiplier&quot;:{&quot;unit&quot;:&quot;px&quot;,&quot;size&quot;:1,&quot;sizes&quot;:[]}}\" data-widget_type=\"heading.default\">\n\t\t\t\t<div class=\"elementor-widget-container\">\n\t\t\t\t\t<h3 class=\"elementor-heading-title elementor-size-default\">Formulario para donaci\u00f3n en especie <\/h3>\t\t\t\t<\/div>\n\t\t\t\t<\/div>\n\t\t\t\t<div data-ka-cursor-size=\"1\" class=\"elementor-element elementor-element-69cee64 elementor-widget elementor-widget-shortcode\" data-id=\"69cee64\" data-element_type=\"widget\" data-e-type=\"widget\" data-settings=\"{&quot;kng_cursor_interaction&quot;:&quot;default&quot;,&quot;kng_cursor_magnetic&quot;:&quot;none&quot;,&quot;kng_cursor_size_multiplier&quot;:{&quot;unit&quot;:&quot;px&quot;,&quot;size&quot;:1,&quot;sizes&quot;:[]}}\" data-widget_type=\"shortcode.default\">\n\t\t\t\t<div class=\"elementor-widget-container\">\n\t\t\t\t\t\t\t<div class=\"elementor-shortcode\"><div class=\"wpforms-container \" id=\"wpforms-4404\"><form id=\"wpforms-form-4404\" class=\"wpforms-validate wpforms-form wpforms-ajax-form\" data-formid=\"4404\" method=\"post\" enctype=\"multipart\/form-data\" action=\"\/en\/wp-json\/wp\/v2\/pages\/4393\" data-token=\"230c6e6f1c60a9da86f46f96065b4b3a\" data-token-time=\"1776175176\"><noscript class=\"wpforms-error-noscript\">Please enable JavaScript in your browser to complete this form.<\/noscript><div class=\"wpforms-field-container\"><div id=\"wpforms-4404-field_0-container\" class=\"wpforms-field wpforms-field-name\" data-field-id=\"0\"><label class=\"wpforms-field-label\">Nombre <span class=\"wpforms-required-label\">*<\/span><\/label><div class=\"wpforms-field-row wpforms-field-large\"><div class=\"wpforms-field-row-block wpforms-first wpforms-one-half\"><input type=\"text\" id=\"wpforms-4404-field_0\" class=\"wpforms-field-name-first wpforms-field-required\" name=\"wpforms[fields][0][first]\" required><label for=\"wpforms-4404-field_0\" class=\"wpforms-field-sublabel after\">First<\/label><\/div><div class=\"wpforms-field-row-block wpforms-one-half\"><input type=\"text\" id=\"wpforms-4404-field_0-last\" class=\"wpforms-field-name-last wpforms-field-required\" name=\"wpforms[fields][0][last]\" required><label for=\"wpforms-4404-field_0-last\" class=\"wpforms-field-sublabel after\">Last<\/label><\/div><\/div><\/div><div id=\"wpforms-4404-field_3-container\" class=\"wpforms-field wpforms-field-text\" data-field-id=\"3\"><label class=\"wpforms-field-label\" for=\"wpforms-4404-field_3\">Nombre de organizaci\u00f3n (Empresas)<\/label><input type=\"text\" id=\"wpforms-4404-field_3\" class=\"wpforms-field-large\" name=\"wpforms[fields][3]\" ><\/div><div id=\"wpforms-4404-field_4-container\" class=\"wpforms-field wpforms-field-layout\" data-field-id=\"4\"><div class=\"wpforms-field-layout-columns wpforms-field-layout-preset-50-50\"><div class=\"wpforms-layout-column wpforms-layout-column-50\" ><div id=\"wpforms-4404-field_1-container\" class=\"wpforms-field wpforms-field-email\" data-field-id=\"1\"><label class=\"wpforms-field-label\" for=\"wpforms-4404-field_1\">Correo <span class=\"wpforms-required-label\">*<\/span><\/label><input type=\"email\" id=\"wpforms-4404-field_1\" class=\"wpforms-field-large wpforms-field-required\" name=\"wpforms[fields][1]\" spellcheck=\"false\" required><\/div><\/div><div class=\"wpforms-layout-column wpforms-layout-column-50\" ><div id=\"wpforms-4404-field_5-container\" class=\"wpforms-field wpforms-field-phone\" data-field-id=\"5\"><label class=\"wpforms-field-label\" for=\"wpforms-4404-field_5\">Tel\u00e9fono <span class=\"wpforms-required-label\">*<\/span><\/label><input type=\"tel\" id=\"wpforms-4404-field_5\" class=\"wpforms-field-medium wpforms-field-required wpforms-smart-phone-field\" data-rule-smart-phone-field=\"true\" name=\"wpforms[fields][5]\" aria-label=\"Tel\u00e9fono\" required><\/div><\/div><\/div><\/div><div id=\"wpforms-4404-field_6-container\" class=\"wpforms-field wpforms-field-address\" data-field-id=\"6\"><label class=\"wpforms-field-label\">Direcci\u00f3n<\/label><div class=\"wpforms-field-row wpforms-field-large\"><div ><input type=\"text\" id=\"wpforms-4404-field_6\" class=\"wpforms-field-address-address1\" name=\"wpforms[fields][6][address1]\" ><label for=\"wpforms-4404-field_6\" class=\"wpforms-field-sublabel after\">Address Line 1<\/label><\/div><\/div><div class=\"wpforms-field-row wpforms-field-large\"><div class=\"wpforms-field-row-block wpforms-one-half wpforms-first\"><input type=\"text\" id=\"wpforms-4404-field_6-city\" class=\"wpforms-field-address-city\" name=\"wpforms[fields][6][city]\" ><label for=\"wpforms-4404-field_6-city\" class=\"wpforms-field-sublabel after\">City<\/label><\/div><div class=\"wpforms-field-row-block wpforms-one-half\"><select id=\"wpforms-4404-field_6-state\" class=\"wpforms-field-address-state\" name=\"wpforms[fields][6][state]\" ><option class=\"placeholder\" value=\"\" selected disabled>--- Select state ---<\/option><option value=\"AL\" >Alabama<\/option><option value=\"AK\" >Alaska<\/option><option value=\"AZ\" >Arizona<\/option><option value=\"AR\" >Arkansas<\/option><option value=\"CA\" >California<\/option><option value=\"CO\" >Colorado<\/option><option value=\"CT\" >Connecticut<\/option><option value=\"DE\" >Delaware<\/option><option value=\"DC\" >District of Columbia<\/option><option value=\"FL\" >Florida<\/option><option value=\"GA\" >Georgia<\/option><option value=\"HI\" >Hawaii<\/option><option value=\"ID\" >Idaho<\/option><option value=\"IL\" >Illinois<\/option><option value=\"IN\" >Indiana<\/option><option value=\"IA\" >Iowa<\/option><option value=\"KS\" >Kansas<\/option><option value=\"KY\" >Kentucky<\/option><option value=\"LA\" >Louisiana<\/option><option value=\"ME\" >Maine<\/option><option value=\"MD\" >Maryland<\/option><option value=\"MA\" >Massachusetts<\/option><option value=\"MI\" >Michigan<\/option><option value=\"MN\" >Minnesota<\/option><option value=\"MS\" >Mississippi<\/option><option value=\"MO\" >Missouri<\/option><option value=\"MT\" >Montana<\/option><option value=\"NE\" >Nebraska<\/option><option value=\"NV\" >Nevada<\/option><option value=\"NH\" >New Hampshire<\/option><option value=\"NJ\" >New Jersey<\/option><option value=\"NM\" >New Mexico<\/option><option value=\"NY\" >New York<\/option><option value=\"NC\" >North Carolina<\/option><option value=\"ND\" >North Dakota<\/option><option value=\"OH\" >Ohio<\/option><option value=\"OK\" >Oklahoma<\/option><option value=\"OR\" >Oregon<\/option><option value=\"PA\" >Pennsylvania<\/option><option value=\"RI\" >Rhode Island<\/option><option value=\"SC\" >South Carolina<\/option><option value=\"SD\" >South Dakota<\/option><option value=\"TN\" >Tennessee<\/option><option value=\"TX\" >Texas<\/option><option value=\"UT\" >Utah<\/option><option value=\"VT\" >Vermont<\/option><option value=\"VA\" >Virginia<\/option><option value=\"WA\" >Washington<\/option><option value=\"WV\" >West Virginia<\/option><option value=\"WI\" >Wisconsin<\/option><option value=\"WY\" >Wyoming<\/option><\/select><label for=\"wpforms-4404-field_6-state\" class=\"wpforms-field-sublabel after\">State<\/label><\/div><\/div><div class=\"wpforms-field-row wpforms-field-large\"><div class=\"wpforms-field-row-block wpforms-one-half wpforms-first\"><input type=\"text\" id=\"wpforms-4404-field_6-postal\" class=\"wpforms-field-address-postal wpforms-masked-input\" data-inputmask-mask=\"(99999)|(99999-9999)\" data-inputmask-keepstatic=\"true\" data-rule-inputmask-incomplete=\"1\" name=\"wpforms[fields][6][postal]\" ><label for=\"wpforms-4404-field_6-postal\" class=\"wpforms-field-sublabel after\">Zip Code<\/label><\/div><\/div><\/div><div id=\"wpforms-4404-field_7-container\" class=\"wpforms-field wpforms-field-textarea\" data-field-id=\"7\"><label class=\"wpforms-field-label\" for=\"wpforms-4404-field_7\">Proporcione una descripci\u00f3n de los art\u00edculos que est\u00e1 donando. <span class=\"wpforms-required-label\">*<\/span><\/label><textarea id=\"wpforms-4404-field_7\" class=\"wpforms-field-large wpforms-field-required\" name=\"wpforms[fields][7]\" required><\/textarea><\/div>\t\t<div id=\"wpforms-4404-field_10-container\"\n\t\t\tclass=\"wpforms-field wpforms-field-text\"\n\t\t\tdata-field-type=\"text\"\n\t\t\tdata-field-id=\"10\"\n\t\t\t>\n\t\t\t<label class=\"wpforms-field-label\" for=\"wpforms-4404-field_10\" >de Direcci\u00f3n valor<\/label>\n\t\t\t<input type=\"text\" id=\"wpforms-4404-field_10\" class=\"wpforms-field-medium\" name=\"wpforms[fields][10]\" >\n\t\t<\/div>\n\t\t<div id=\"wpforms-4404-field_8-container\" class=\"wpforms-field wpforms-field-text\" data-field-id=\"8\"><label class=\"wpforms-field-label\" for=\"wpforms-4404-field_8\">\u00bfCu\u00e1l es el valor total estimado de su donaci\u00f3n? <span class=\"wpforms-required-label\">*<\/span><\/label><input type=\"text\" id=\"wpforms-4404-field_8\" class=\"wpforms-field-medium wpforms-field-required\" name=\"wpforms[fields][8]\" required><\/div><div id=\"wpforms-4404-field_9-container\" class=\"wpforms-field wpforms-field-radio wpforms-list-3-columns\" data-field-id=\"9\"><label class=\"wpforms-field-label\">Indique c\u00f3mo desea que recibamos su donaci\u00f3n. <span class=\"wpforms-required-label\">*<\/span><\/label><ul id=\"wpforms-4404-field_9\" class=\"wpforms-field-required\"><li class=\"choice-1 depth-1\"><input type=\"radio\" id=\"wpforms-4404-field_9_1\" name=\"wpforms[fields][9]\" value=\"Lo enviar\u00e9 por correo.\" required ><label class=\"wpforms-field-label-inline\" for=\"wpforms-4404-field_9_1\">Lo enviar\u00e9 por correo.<\/label><\/li><li class=\"choice-2 depth-1\"><input type=\"radio\" id=\"wpforms-4404-field_9_2\" name=\"wpforms[fields][9]\" value=\"Lo entregar\u00e9 en un evento.\" required ><label class=\"wpforms-field-label-inline\" for=\"wpforms-4404-field_9_2\">Lo entregar\u00e9 en un evento.<\/label><\/li><li class=\"choice-3 depth-1\"><input type=\"radio\" id=\"wpforms-4404-field_9_3\" name=\"wpforms[fields][9]\" value=\"Favor de retirar en mi negocio.\" required ><label class=\"wpforms-field-label-inline\" for=\"wpforms-4404-field_9_3\">Favor de retirar en mi negocio.<\/label><\/li><\/ul><\/div><div id=\"wpforms-4404-field_2-container\" class=\"wpforms-field wpforms-field-textarea\" data-field-id=\"2\"><label class=\"wpforms-field-label\" for=\"wpforms-4404-field_2\">Indicaciones especiales<\/label><textarea id=\"wpforms-4404-field_2\" class=\"wpforms-field-large\" name=\"wpforms[fields][2]\" ><\/textarea><\/div><div id=\"wpforms-4404-field_11-container\" class=\"wpforms-field wpforms-field-captcha\" data-field-id=\"11\"><label class=\"wpforms-field-label\" for=\"wpforms-4404-field_11\">Captcha personalizado <span class=\"wpforms-required-label\">*<\/span><\/label>\t\t\t<div class=\"wpforms-captcha-math\">\n\t\t\t\t<span id=\"wpforms-4404-field_11-question\" class=\"wpforms-captcha-equation\">\n\t\t\t\t\t<span class=\"n1\">3<\/span>\n\t\t\t\t\t\t\t<span class=\"cal\">+<\/span>\n\t\t\t\t\t\t\t<span class=\"n2\">14<\/span>\t\t\t\t\t<span class=\"e\">=<\/span>\n\t\t\t\t<\/span>\n\t\t\t\t<input type=\"text\" id=\"wpforms-4404-field_11\" class=\"wpforms-field-medium wpforms-field-required a\" data-rule-wpf-captcha=\"math\" data-is-wrapped-field=\"1\" name=\"wpforms[fields][11][a]\" aria-describedby=\"wpforms-4404-field_11-question\" required>\t\t\t\t<input type=\"hidden\" name=\"wpforms[fields][11][cal]\" class=\"cal\">\n\t\t\t\t<input type=\"hidden\" name=\"wpforms[fields][11][n2]\" class=\"n2\">\n\t\t\t\t<input type=\"hidden\" name=\"wpforms[fields][11][n1]\" class=\"n1\">\n\t\t\t<\/div>\n\t\t\t<\/div><script>\n\t\t\t\t( function() {\n\t\t\t\t\tconst style = document.createElement( 'style' );\n\t\t\t\t\tstyle.appendChild( document.createTextNode( '#wpforms-4404-field_10-container { position: absolute !important; overflow: hidden !important; display: inline !important; height: 1px !important; width: 1px !important; z-index: -1000 !important; padding: 0 !important; } #wpforms-4404-field_10-container input { visibility: hidden; } #wpforms-conversational-form-page #wpforms-4404-field_10-container label { counter-increment: none; }' ) );\n\t\t\t\t\tdocument.head.appendChild( style );\n\t\t\t\t\tdocument.currentScript?.remove();\n\t\t\t\t} )();\n\t\t\t<\/script><\/div><!-- .wpforms-field-container --><div class=\"wpforms-submit-container\" ><input type=\"hidden\" name=\"wpforms[id]\" value=\"4404\"><input type=\"hidden\" name=\"page_title\" value=\"\"><input type=\"hidden\" name=\"page_url\" value=\"https:\/\/iglesiadonai.com\/en\/wp-json\/wp\/v2\/pages\/4393\"><input type=\"hidden\" name=\"url_referer\" value=\"\"><button type=\"submit\" name=\"wpforms[submit]\" id=\"wpforms-submit-4404\" class=\"wpforms-submit\" data-alt-text=\"Enviando...\" data-submit-text=\"ENVIAR\" aria-live=\"assertive\" value=\"wpforms-submit\">ENVIAR<\/button><img decoding=\"async\" src=\"https:\/\/iglesiadonai.com\/wp-content\/plugins\/wpforms\/assets\/images\/submit-spin.svg\" class=\"wpforms-submit-spinner\" style=\"display: none;\" width=\"26\" height=\"26\" alt=\"Loading\"><\/div><\/form><\/div>  <!-- .wpforms-container --><\/div>\n\t\t\t\t\t\t<\/div>\n\t\t\t\t<\/div>\n\t\t\t\t\t<\/div>\n\t\t<\/div>\n\t\t\t\t\t<\/div>\n\t\t<\/section>\n\t\t\t\t<\/div>\n\t\t","protected":false},"excerpt":{"rendered":"<p>Donaciones \u00bfQuieres apoyar nuestro ministerio? Puedes enviar tu donaci\u00f3n a trav\u00e9s de Zelle Correo: asamblea@iglesiadonai.com Tel\u00e9fono: +1 5039753522 \u00a1Gracias por tu generosidad! Formulario para donaci\u00f3n en especie<\/p>","protected":false},"author":1,"featured_media":0,"parent":0,"menu_order":0,"comment_status":"closed","ping_status":"closed","template":"page-templates\/full-width-page.php","meta":{"footnotes":""},"class_list":["post-4393","page","type-page","status-publish","hentry"],"_links":{"self":[{"href":"https:\/\/iglesiadonai.com\/en\/wp-json\/wp\/v2\/pages\/4393","targetHints":{"allow":["GET"]}}],"collection":[{"href":"https:\/\/iglesiadonai.com\/en\/wp-json\/wp\/v2\/pages"}],"about":[{"href":"https:\/\/iglesiadonai.com\/en\/wp-json\/wp\/v2\/types\/page"}],"author":[{"embeddable":true,"href":"https:\/\/iglesiadonai.com\/en\/wp-json\/wp\/v2\/users\/1"}],"replies":[{"embeddable":true,"href":"https:\/\/iglesiadonai.com\/en\/wp-json\/wp\/v2\/comments?post=4393"}],"version-history":[{"count":3,"href":"https:\/\/iglesiadonai.com\/en\/wp-json\/wp\/v2\/pages\/4393\/revisions"}],"predecessor-version":[{"id":8464,"href":"https:\/\/iglesiadonai.com\/en\/wp-json\/wp\/v2\/pages\/4393\/revisions\/8464"}],"wp:attachment":[{"href":"https:\/\/iglesiadonai.com\/en\/wp-json\/wp\/v2\/media?parent=4393"}],"curies":[{"name":"wp","href":"https:\/\/api.w.org\/{rel}","templated":true}]}}